{"id":1020,"date":"2019-11-18T19:10:01","date_gmt":"2019-11-18T19:10:01","guid":{"rendered":"https:\/\/unick360.com.br\/2019\/rotulagem\/?page_id=1020"},"modified":"2020-08-17T14:13:37","modified_gmt":"2020-08-17T14:13:37","slug":"orcamento","status":"publish","type":"page","link":"https:\/\/rotulagem.com\/?page_id=1020","title":{"rendered":"Or\u00e7amento"},"content":{"rendered":"\t\t<div data-elementor-type=\"wp-page\" data-elementor-id=\"1020\" class=\"elementor elementor-1020\" data-elementor-settings=\"[]\">\n\t\t\t\t\t\t<div class=\"elementor-inner\">\n\t\t\t\t\t\t\t<div class=\"elementor-section-wrap\">\n\t\t\t\t\t\t\t<section class=\"elementor-section elementor-top-section elementor-element elementor-element-fe4cf55 elementor-section-height-min-height elementor-section-boxed elementor-section-height-default elementor-section-items-middle\" data-id=\"fe4cf55\" data-element_type=\"section\" data-settings=\"{&quot;background_background&quot;:&quot;classic&quot;}\">\n\t\t\t\t\t\t\t<div class=\"elementor-background-overlay\"><\/div>\n\t\t\t\t\t\t\t<div class=\"elementor-container elementor-column-gap-default\">\n\t\t\t\t\t\t\t<div class=\"elementor-row\">\n\t\t\t\t\t<div class=\"elementor-column elementor-col-100 elementor-top-column elementor-element elementor-element-5589f63\" data-id=\"5589f63\" data-element_type=\"column\">\n\t\t\t<div class=\"elementor-column-wrap elementor-element-populated\">\n\t\t\t\t\t\t\t<div class=\"elementor-widget-wrap\">\n\t\t\t\t\t\t<section class=\"elementor-section elementor-inner-section elementor-element elementor-element-467f65d elementor-section-boxed elementor-section-height-default elementor-section-height-default\" data-id=\"467f65d\" data-element_type=\"section\">\n\t\t\t\t\t\t<div class=\"elementor-container elementor-column-gap-default\">\n\t\t\t\t\t\t\t<div class=\"elementor-row\">\n\t\t\t\t\t<div class=\"elementor-column elementor-col-100 elementor-inner-column elementor-element elementor-element-9c83a51\" data-id=\"9c83a51\" data-element_type=\"column\">\n\t\t\t<div class=\"elementor-column-wrap elementor-element-populated\">\n\t\t\t\t\t\t\t<div class=\"elementor-widget-wrap\">\n\t\t\t\t\t\t<div class=\"elementor-element elementor-element-6e4ffc0 htmega-title-align-center elementor-widget elementor-widget-section-title-addons\" data-id=\"6e4ffc0\" data-element_type=\"widget\" data-widget_type=\"section-title-addons.default\">\n\t\t\t\t<div class=\"elementor-widget-container\">\n\t\t\t            <div class=\"htmega-section-title htmega-subtitle-position- title-style-two\">\r\n                <h2 class=\"section-title-txt\"><div style=\"margin-left:40px; margin-right:40px;\">OR\u00c7AMENTO<\/div><\/h2><div class=htmega-title-sperator-sec><span class=\"htmega-title-sperator\">&nbsp;<\/span><\/div>            <\/div>\r\n\r\n        \t\t<\/div>\n\t\t\t\t<\/div>\n\t\t\t\t<div class=\"elementor-element elementor-element-177c591 elementor-invisible elementor-widget elementor-widget-text-editor\" data-id=\"177c591\" data-element_type=\"widget\" data-settings=\"{&quot;_animation&quot;:&quot;fadeInUp&quot;}\" data-widget_type=\"text-editor.default\">\n\t\t\t\t<div class=\"elementor-widget-container\">\n\t\t\t\t\t<div class=\"elementor-text-editor elementor-clearfix\"><p><strong>Ser\u00e1 um prazer responder sua solicita\u00e7\u00e3o de or\u00e7amento em at\u00e9 24 horas!\u00a0 \u00a0 \u00a0 \u00a0 \u00a0 \u00a0 \u00a0 \u00a0 \u00a0 \u00a0 \u00a0 \u00a0 \u00a0 \u00a0 \u00a0 \u00a0 \u00a0 \u00a0 \u00a0 \u00a0 \u00a0 \u00a0 \u00a0 \u00a0 \u00a0 \u00a0 \u00a0 \u00a0 \u00a0 \u00a0 \u00a0 \u00a0 \u00a0 \u00a0 \u00a0 \u00a0 \u00a0 \u00a0 \u00a0 \u00a0 \u00a0 \u00a0 \u00a0 <\/strong>Preencha abaixo todos os campos e conhe\u00e7a sem compromisso todas as vantagens de realizar a impress\u00e3o da sua demanda conosco.<\/p><\/div>\n\t\t\t\t<\/div>\n\t\t\t\t<\/div>\n\t\t\t\t\t\t<\/div>\n\t\t\t\t\t<\/div>\n\t\t<\/div>\n\t\t\t\t\t\t\t\t<\/div>\n\t\t\t\t\t<\/div>\n\t\t<\/section>\n\t\t\t\t<div class=\"elementor-element elementor-element-bc1370e elementor-widget elementor-widget-elementskit-contact-form7\" data-id=\"bc1370e\" data-element_type=\"widget\" data-widget_type=\"elementskit-contact-form7.default\">\n\t\t\t\t<div class=\"elementor-widget-container\">\n\t\t\t<div class=\"ekit-wid-con\" ><div class=\"ekit-form\"><div role=\"form\" class=\"wpcf7\" id=\"wpcf7-f300-o1\" lang=\"pt-BR\" dir=\"ltr\">\n<div class=\"screen-reader-response\" role=\"alert\" aria-live=\"polite\"><\/div>\n<form action=\"\/index.php?rest_route=%2Fwp%2Fv2%2Fpages%2F1020#wpcf7-f300-o1\" method=\"post\" class=\"wpcf7-form init\" enctype=\"multipart\/form-data\" novalidate=\"novalidate\">\n<div style=\"display: none;\">\n<input type=\"hidden\" name=\"_wpcf7\" value=\"300\" \/>\n<input type=\"hidden\" name=\"_wpcf7_version\" value=\"5.2.2\" \/>\n<input type=\"hidden\" name=\"_wpcf7_locale\" value=\"pt_BR\" \/>\n<input type=\"hidden\" name=\"_wpcf7_unit_tag\" value=\"wpcf7-f300-o1\" \/>\n<input type=\"hidden\" name=\"_wpcf7_container_post\" value=\"0\" \/>\n<input type=\"hidden\" name=\"_wpcf7_posted_data_hash\" value=\"\" \/>\n<\/div>\n<p><span class=\"wpcf7-form-control-wrap empresa\"><input type=\"text\" name=\"empresa\" value=\"\" size=\"40\" class=\"wpcf7-form-control wpcf7-text\" aria-invalid=\"false\" placeholder=\"EMPRESA\" \/><\/span> <\/p>\n<p><span class=\"wpcf7-form-control-wrap nome\"><input type=\"text\" name=\"nome\" value=\"\" size=\"40\" class=\"wpcf7-form-control wpcf7-text wpcf7-validates-as-required\" aria-required=\"true\" aria-invalid=\"false\" placeholder=\"RESPONS\u00c1VEL PELA SOLICITA\u00c7\u00c3O\" \/><\/span> <\/p>\n<p><span class=\"wpcf7-form-control-wrap telefone\"><input type=\"tel\" name=\"telefone\" value=\"\" size=\"40\" class=\"wpcf7-form-control wpcf7-text wpcf7-tel wpcf7-validates-as-required wpcf7-validates-as-tel\" aria-required=\"true\" aria-invalid=\"false\" placeholder=\"DDD e Telefone\" \/><\/span> <\/p>\n<p><span class=\"wpcf7-form-control-wrap email\"><input type=\"email\" name=\"email\" value=\"\" size=\"40\" class=\"wpcf7-form-control wpcf7-text wpcf7-email wpcf7-validates-as-required wpcf7-validates-as-email\" aria-required=\"true\" aria-invalid=\"false\" placeholder=\"E-MAIL\" \/><\/span> <\/p>\n<p><span class=\"wpcf7-form-control-wrap tamanho\"><input type=\"text\" name=\"tamanho\" value=\"\" size=\"40\" class=\"wpcf7-form-control wpcf7-text\" aria-invalid=\"false\" placeholder=\"TAMANHO\" \/><\/span> <\/p>\n<p><span class=\"wpcf7-form-control-wrap quantidade\"><input type=\"text\" name=\"quantidade\" value=\"\" size=\"40\" class=\"wpcf7-form-control wpcf7-text\" aria-invalid=\"false\" placeholder=\"QUANTIDADE\" \/><\/span> <\/p>\n<p><span class=\"wpcf7-form-control-wrap material\"><input type=\"text\" name=\"material\" value=\"\" size=\"40\" class=\"wpcf7-form-control wpcf7-text\" aria-invalid=\"false\" placeholder=\"MATERIAL\" \/><\/span> <\/p>\n<p><span class=\"wpcf7-form-control-wrap aplicacao\"><input type=\"text\" name=\"aplicacao\" value=\"\" size=\"40\" class=\"wpcf7-form-control wpcf7-text\" aria-invalid=\"false\" placeholder=\"ONDE SER\u00c1 APLICADO\" \/><\/span> <\/p>\n<p><span class=\"wpcf7-form-control-wrap cores\"><input type=\"text\" name=\"cores\" value=\"\" size=\"40\" class=\"wpcf7-form-control wpcf7-text\" aria-invalid=\"false\" placeholder=\"N\u00daMERO DE CORES\" \/><\/span> <\/p>\n<p><span class=\"wpcf7-form-control-wrap forma_rotular\"><input type=\"text\" name=\"forma_rotular\" value=\"\" size=\"40\" class=\"wpcf7-form-control wpcf7-text\" aria-invalid=\"false\" placeholder=\"FORMA DE ROTULAR\" \/><\/span> <\/p>\n<p><span class=\"wpcf7-form-control-wrap observacoes\"><textarea name=\"observacoes\" cols=\"40\" rows=\"10\" class=\"wpcf7-form-control wpcf7-textarea\" aria-invalid=\"false\" placeholder=\"OBSERVA\u00c7\u00d5ES\"><\/textarea><\/span> <\/p>\n<p>\nUPLOAD DO ARQUIVO <br \/>\n<span class=\"wpcf7-form-control-wrap arquivo\"><input type=\"file\" name=\"arquivo\" size=\"40\" class=\"wpcf7-form-control wpcf7-file\" accept=\".PDF\" aria-invalid=\"false\" \/><\/span>\n<\/p>\n<p><input type=\"submit\" value=\"ENVIAR OR\u00c7AMENTO\" class=\"wpcf7-form-control wpcf7-submit\" \/><\/p>\n<div class=\"wpcf7-response-output\" role=\"alert\" aria-hidden=\"true\"><\/div><\/form><\/div><\/div><\/div>\t\t<\/div>\n\t\t\t\t<\/div>\n\t\t\t\t\t\t<\/div>\n\t\t\t\t\t<\/div>\n\t\t<\/div>\n\t\t\t\t\t\t\t\t<\/div>\n\t\t\t\t\t<\/div>\n\t\t<\/section>\n\t\t\t\t\t\t<\/div>\n\t\t\t\t\t\t<\/div>\n\t\t\t\t\t<\/div>\n\t\t","protected":false},"excerpt":{"rendered":"<p>OR\u00c7AMENTO &nbsp; Ser\u00e1 um prazer responder sua solicita\u00e7\u00e3o de or\u00e7amento em at\u00e9 24 horas!\u00a0 \u00a0 \u00a0 \u00a0 \u00a0 \u00a0 \u00a0 \u00a0 \u00a0 \u00a0 \u00a0 \u00a0 \u00a0 \u00a0 \u00a0 \u00a0 \u00a0 \u00a0 \u00a0 \u00a0 \u00a0 \u00a0 \u00a0 \u00a0 \u00a0 \u00a0 \u00a0 \u00a0 \u00a0 \u00a0 \u00a0 \u00a0 \u00a0 \u00a0 \u00a0 \u00a0 \u00a0 \u00a0 \u00a0 \u00a0 \u00a0 \u00a0 &hellip;<\/p>\n<p class=\"read-more\"> <a class=\"\" href=\"https:\/\/rotulagem.com\/?page_id=1020\"> <span class=\"screen-reader-text\">Or\u00e7amento<\/span> Leia mais &raquo;<\/a><\/p>\n","protected":false},"author":1,"featured_media":0,"parent":0,"menu_order":0,"comment_status":"closed","ping_status":"closed","template":"elementor_canvas","meta":[],"_links":{"self":[{"href":"https:\/\/rotulagem.com\/index.php?rest_route=\/wp\/v2\/pages\/1020"}],"collection":[{"href":"https:\/\/rotulagem.com\/index.php?rest_route=\/wp\/v2\/pages"}],"about":[{"href":"https:\/\/rotulagem.com\/index.php?rest_route=\/wp\/v2\/types\/page"}],"author":[{"embeddable":true,"href":"https:\/\/rotulagem.com\/index.php?rest_route=\/wp\/v2\/users\/1"}],"replies":[{"embeddable":true,"href":"https:\/\/rotulagem.com\/index.php?rest_route=%2Fwp%2Fv2%2Fcomments&post=1020"}],"version-history":[{"count":46,"href":"https:\/\/rotulagem.com\/index.php?rest_route=\/wp\/v2\/pages\/1020\/revisions"}],"predecessor-version":[{"id":2370,"href":"https:\/\/rotulagem.com\/index.php?rest_route=\/wp\/v2\/pages\/1020\/revisions\/2370"}],"wp:attachment":[{"href":"https:\/\/rotulagem.com\/index.php?rest_route=%2Fwp%2Fv2%2Fmedia&parent=1020"}],"curies":[{"name":"wp","href":"https:\/\/api.w.org\/{rel}","templated":true}]}}