{"id":200,"date":"2019-08-21T14:04:16","date_gmt":"2019-08-21T14:04:16","guid":{"rendered":"https:\/\/unick360.com.br\/2019\/rotulagem\/?page_id=200"},"modified":"2020-08-24T13:16:46","modified_gmt":"2020-08-24T13:16:46","slug":"quem-somos","status":"publish","type":"page","link":"https:\/\/rotulagem.com\/?page_id=200","title":{"rendered":"Quem somos"},"content":{"rendered":"\t\t<div data-elementor-type=\"wp-page\" data-elementor-id=\"200\" class=\"elementor elementor-200\" data-elementor-settings=\"[]\">\n\t\t\t\t\t\t<div class=\"elementor-inner\">\n\t\t\t\t\t\t\t<div class=\"elementor-section-wrap\">\n\t\t\t\t\t\t\t<section class=\"elementor-section elementor-top-section elementor-element elementor-element-70affe9 elementor-section-height-min-height elementor-section-boxed elementor-section-height-default elementor-section-items-middle\" data-id=\"70affe9\" data-element_type=\"section\" data-settings=\"{&quot;background_background&quot;:&quot;classic&quot;}\">\n\t\t\t\t\t\t\t<div class=\"elementor-background-overlay\"><\/div>\n\t\t\t\t\t\t\t<div class=\"elementor-container elementor-column-gap-default\">\n\t\t\t\t\t\t\t<div class=\"elementor-row\">\n\t\t\t\t\t<div class=\"elementor-column elementor-col-100 elementor-top-column elementor-element elementor-element-f910915\" data-id=\"f910915\" data-element_type=\"column\">\n\t\t\t<div class=\"elementor-column-wrap elementor-element-populated\">\n\t\t\t\t\t\t\t<div class=\"elementor-widget-wrap\">\n\t\t\t\t\t\t<section class=\"elementor-section elementor-inner-section elementor-element elementor-element-a35bfc0 elementor-section-boxed elementor-section-height-default elementor-section-height-default\" data-id=\"a35bfc0\" data-element_type=\"section\">\n\t\t\t\t\t\t<div class=\"elementor-container elementor-column-gap-default\">\n\t\t\t\t\t\t\t<div class=\"elementor-row\">\n\t\t\t\t\t<div class=\"elementor-column elementor-col-100 elementor-inner-column elementor-element elementor-element-381a458\" data-id=\"381a458\" data-element_type=\"column\">\n\t\t\t<div class=\"elementor-column-wrap elementor-element-populated\">\n\t\t\t\t\t\t\t<div class=\"elementor-widget-wrap\">\n\t\t\t\t\t\t<div class=\"elementor-element elementor-element-a91b8e6 elementor-widget elementor-widget-image\" data-id=\"a91b8e6\" data-element_type=\"widget\" data-widget_type=\"image.default\">\n\t\t\t\t<div class=\"elementor-widget-container\">\n\t\t\t\t\t<div class=\"elementor-image\">\n\t\t\t\t\t\t\t\t\t\t<img width=\"1187\" height=\"422\" src=\"https:\/\/rotulagem.com\/wp-content\/uploads\/2020\/08\/BANNER-QUEM-SOMOS.jpg\" class=\"attachment-full size-full\" alt=\"\" loading=\"lazy\" srcset=\"https:\/\/rotulagem.com\/wp-content\/uploads\/2020\/08\/BANNER-QUEM-SOMOS.jpg 1187w, https:\/\/rotulagem.com\/wp-content\/uploads\/2020\/08\/BANNER-QUEM-SOMOS-300x107.jpg 300w, https:\/\/rotulagem.com\/wp-content\/uploads\/2020\/08\/BANNER-QUEM-SOMOS-1024x364.jpg 1024w, https:\/\/rotulagem.com\/wp-content\/uploads\/2020\/08\/BANNER-QUEM-SOMOS-768x273.jpg 768w\" sizes=\"(max-width: 1187px) 100vw, 1187px\" \/>\t\t\t\t\t\t\t\t\t\t\t<\/div>\n\t\t\t\t<\/div>\n\t\t\t\t<\/div>\n\t\t\t\t<div class=\"elementor-element elementor-element-59b393a htmega-title-align-center elementor-widget elementor-widget-section-title-addons\" data-id=\"59b393a\" data-element_type=\"widget\" data-widget_type=\"section-title-addons.default\">\n\t\t\t\t<div class=\"elementor-widget-container\">\n\t\t\t            <div class=\"htmega-section-title htmega-subtitle-position- title-style-two\">\r\n                <h2 class=\"section-title-txt\"><div style=\"margin-left:40px; margin-right:40px;\">QUEM SOMOS<\/div><\/h2><div class=htmega-title-sperator-sec><span class=\"htmega-title-sperator\">&nbsp;<\/span><\/div>            <\/div>\r\n\r\n        \t\t<\/div>\n\t\t\t\t<\/div>\n\t\t\t\t<div class=\"elementor-element elementor-element-1761831 elementor-invisible elementor-widget elementor-widget-text-editor\" data-id=\"1761831\" data-element_type=\"widget\" data-settings=\"{&quot;_animation&quot;:&quot;fadeInDown&quot;}\" data-widget_type=\"text-editor.default\">\n\t\t\t\t<div class=\"elementor-widget-container\">\n\t\t\t\t\t<div class=\"elementor-text-editor elementor-clearfix\"><p>Com uma experi\u00eancia de mais de 25 anos de mercado, a <b>Rotulagem <\/b>\u00e9 uma empresa especializada em diversas escalas de impress\u00f5es de r\u00f3tulos, etiquetas e comercializa\u00e7\u00e3o de ribbons.<\/p>\n<p><span style=\"font-size: 16px;\">Em nosso parque gr\u00e1fico contamos com uma estrutura moderna, equipamentos de ponta e o mais importante, uma equipe motivada e especializada em produzir o que h\u00e1 de&nbsp;mais eficiente e com o melhor custo benef\u00edcio do mercado.<\/span><\/p>\n<p><span style=\"font-size: 16px;\">Al\u00e9m de oferecermos um variado mix de produtos com alto padr\u00e3o de qualidade, pre\u00e7os competitivos e as melhores condi\u00e7\u00f5es de pagamento, nossos clientes tamb\u00e9m contam&nbsp;com o menor tempo de entrega.<\/span><\/p>\n<p><span style=\"font-size: 16px;\">Antes de fechar o seu or\u00e7amento, consulte a Rotulagem! Teremos o maior prazer em proporcionar solu\u00e7\u00f5es eficazes e o melhor atendimento.<\/span><\/p><\/div>\n\t\t\t\t<\/div>\n\t\t\t\t<\/div>\n\t\t\t\t\t\t<\/div>\n\t\t\t\t\t<\/div>\n\t\t<\/div>\n\t\t\t\t\t\t\t\t<\/div>\n\t\t\t\t\t<\/div>\n\t\t<\/section>\n\t\t\t\t\t\t<\/div>\n\t\t\t\t\t<\/div>\n\t\t<\/div>\n\t\t\t\t\t\t\t\t<\/div>\n\t\t\t\t\t<\/div>\n\t\t<\/section>\n\t\t\t\t\t\t<\/div>\n\t\t\t\t\t\t<\/div>\n\t\t\t\t\t<\/div>\n\t\t","protected":false},"excerpt":{"rendered":"<p>QUEM SOMOS &nbsp; Com uma experi\u00eancia de mais de 25 anos de mercado, a Rotulagem \u00e9 uma empresa especializada em diversas escalas de impress\u00f5es de r\u00f3tulos, etiquetas e comercializa\u00e7\u00e3o de ribbons. Em nosso parque gr\u00e1fico contamos com uma estrutura moderna, equipamentos de ponta e o mais importante, uma equipe motivada e especializada em produzir o &hellip;<\/p>\n<p class=\"read-more\"> <a class=\"\" href=\"https:\/\/rotulagem.com\/?page_id=200\"> <span class=\"screen-reader-text\">Quem somos<\/span> Leia mais &raquo;<\/a><\/p>\n","protected":false},"author":1,"featured_media":0,"parent":0,"menu_order":0,"comment_status":"closed","ping_status":"closed","template":"elementor_canvas","meta":[],"_links":{"self":[{"href":"https:\/\/rotulagem.com\/index.php?rest_route=\/wp\/v2\/pages\/200"}],"collection":[{"href":"https:\/\/rotulagem.com\/index.php?rest_route=\/wp\/v2\/pages"}],"about":[{"href":"https:\/\/rotulagem.com\/index.php?rest_route=\/wp\/v2\/types\/page"}],"author":[{"embeddable":true,"href":"https:\/\/rotulagem.com\/index.php?rest_route=\/wp\/v2\/users\/1"}],"replies":[{"embeddable":true,"href":"https:\/\/rotulagem.com\/index.php?rest_route=%2Fwp%2Fv2%2Fcomments&post=200"}],"version-history":[{"count":77,"href":"https:\/\/rotulagem.com\/index.php?rest_route=\/wp\/v2\/pages\/200\/revisions"}],"predecessor-version":[{"id":2381,"href":"https:\/\/rotulagem.com\/index.php?rest_route=\/wp\/v2\/pages\/200\/revisions\/2381"}],"wp:attachment":[{"href":"https:\/\/rotulagem.com\/index.php?rest_route=%2Fwp%2Fv2%2Fmedia&parent=200"}],"curies":[{"name":"wp","href":"https:\/\/api.w.org\/{rel}","templated":true}]}}