{"id":202,"date":"2019-08-21T14:06:44","date_gmt":"2019-08-21T14:06:44","guid":{"rendered":"https:\/\/unick360.com.br\/2019\/rotulagem\/?page_id=202"},"modified":"2020-08-24T13:20:15","modified_gmt":"2020-08-24T13:20:15","slug":"servicos","status":"publish","type":"page","link":"https:\/\/rotulagem.com\/?page_id=202","title":{"rendered":"Servi\u00e7os"},"content":{"rendered":"\t\t<div data-elementor-type=\"wp-page\" data-elementor-id=\"202\" class=\"elementor elementor-202\" data-elementor-settings=\"[]\">\n\t\t\t\t\t\t<div class=\"elementor-inner\">\n\t\t\t\t\t\t\t<div class=\"elementor-section-wrap\">\n\t\t\t\t\t\t\t<section class=\"elementor-section elementor-top-section elementor-element elementor-element-c2443f0 elementor-section-height-min-height elementor-section-boxed elementor-section-height-default elementor-section-items-middle\" data-id=\"c2443f0\" data-element_type=\"section\" data-settings=\"{&quot;background_background&quot;:&quot;classic&quot;}\">\n\t\t\t\t\t\t\t<div class=\"elementor-background-overlay\"><\/div>\n\t\t\t\t\t\t\t<div class=\"elementor-container elementor-column-gap-default\">\n\t\t\t\t\t\t\t<div class=\"elementor-row\">\n\t\t\t\t\t<div class=\"elementor-column elementor-col-100 elementor-top-column elementor-element elementor-element-7dce04c\" data-id=\"7dce04c\" data-element_type=\"column\">\n\t\t\t<div class=\"elementor-column-wrap elementor-element-populated\">\n\t\t\t\t\t\t\t<div class=\"elementor-widget-wrap\">\n\t\t\t\t\t\t<div class=\"elementor-element elementor-element-3b9e5ce elementor-widget elementor-widget-image\" data-id=\"3b9e5ce\" data-element_type=\"widget\" data-widget_type=\"image.default\">\n\t\t\t\t<div class=\"elementor-widget-container\">\n\t\t\t\t\t<div class=\"elementor-image\">\n\t\t\t\t\t\t\t\t\t\t<img width=\"1187\" height=\"422\" src=\"https:\/\/rotulagem.com\/wp-content\/uploads\/2020\/08\/BANNER-ROTULAGEM.jpg\" class=\"attachment-full size-full\" alt=\"\" loading=\"lazy\" srcset=\"https:\/\/rotulagem.com\/wp-content\/uploads\/2020\/08\/BANNER-ROTULAGEM.jpg 1187w, https:\/\/rotulagem.com\/wp-content\/uploads\/2020\/08\/BANNER-ROTULAGEM-300x107.jpg 300w, https:\/\/rotulagem.com\/wp-content\/uploads\/2020\/08\/BANNER-ROTULAGEM-1024x364.jpg 1024w, https:\/\/rotulagem.com\/wp-content\/uploads\/2020\/08\/BANNER-ROTULAGEM-768x273.jpg 768w\" sizes=\"(max-width: 1187px) 100vw, 1187px\" \/>\t\t\t\t\t\t\t\t\t\t\t<\/div>\n\t\t\t\t<\/div>\n\t\t\t\t<\/div>\n\t\t\t\t<section class=\"elementor-section elementor-inner-section elementor-element elementor-element-22e6a73 elementor-section-boxed elementor-section-height-default elementor-section-height-default\" data-id=\"22e6a73\" data-element_type=\"section\">\n\t\t\t\t\t\t<div class=\"elementor-container elementor-column-gap-default\">\n\t\t\t\t\t\t\t<div class=\"elementor-row\">\n\t\t\t\t\t<div class=\"elementor-column elementor-col-50 elementor-inner-column elementor-element elementor-element-6b59ac6\" data-id=\"6b59ac6\" data-element_type=\"column\">\n\t\t\t<div class=\"elementor-column-wrap elementor-element-populated\">\n\t\t\t\t\t\t\t<div class=\"elementor-widget-wrap\">\n\t\t\t\t\t\t<div class=\"elementor-element elementor-element-3a53bad elementor-widget elementor-widget-image\" data-id=\"3a53bad\" data-element_type=\"widget\" data-widget_type=\"image.default\">\n\t\t\t\t<div class=\"elementor-widget-container\">\n\t\t\t\t\t<div class=\"elementor-image\">\n\t\t\t\t\t\t\t\t\t\t<img width=\"450\" height=\"450\" src=\"https:\/\/rotulagem.com\/wp-content\/uploads\/2020\/08\/ROTULOS-ADESIVOS-ROTULAGEM.jpg\" class=\"attachment-full size-full\" alt=\"\" loading=\"lazy\" srcset=\"https:\/\/rotulagem.com\/wp-content\/uploads\/2020\/08\/ROTULOS-ADESIVOS-ROTULAGEM.jpg 450w, https:\/\/rotulagem.com\/wp-content\/uploads\/2020\/08\/ROTULOS-ADESIVOS-ROTULAGEM-300x300.jpg 300w, https:\/\/rotulagem.com\/wp-content\/uploads\/2020\/08\/ROTULOS-ADESIVOS-ROTULAGEM-150x150.jpg 150w\" sizes=\"(max-width: 450px) 100vw, 450px\" \/>\t\t\t\t\t\t\t\t\t\t\t<\/div>\n\t\t\t\t<\/div>\n\t\t\t\t<\/div>\n\t\t\t\t\t\t<\/div>\n\t\t\t\t\t<\/div>\n\t\t<\/div>\n\t\t\t\t<div class=\"elementor-column elementor-col-50 elementor-inner-column elementor-element elementor-element-b8de4f0\" data-id=\"b8de4f0\" data-element_type=\"column\">\n\t\t\t<div class=\"elementor-column-wrap elementor-element-populated\">\n\t\t\t\t\t\t\t<div class=\"elementor-widget-wrap\">\n\t\t\t\t\t\t<div class=\"elementor-element elementor-element-1f6b621 htmega-title-align-left elementor-widget elementor-widget-section-title-addons\" data-id=\"1f6b621\" data-element_type=\"widget\" data-widget_type=\"section-title-addons.default\">\n\t\t\t\t<div class=\"elementor-widget-container\">\n\t\t\t            <div class=\"htmega-section-title htmega-subtitle-position- title-style-one\">\r\n                <h2 class=\"section-title-txt\">R\u00d3TULOS ADESIVOS<\/h2>            <\/div>\r\n\r\n        \t\t<\/div>\n\t\t\t\t<\/div>\n\t\t\t\t<div class=\"elementor-element elementor-element-629dac7 elementor-invisible elementor-widget elementor-widget-text-editor\" data-id=\"629dac7\" data-element_type=\"widget\" data-settings=\"{&quot;_animation&quot;:&quot;fadeInUp&quot;}\" data-widget_type=\"text-editor.default\">\n\t\t\t\t<div class=\"elementor-widget-container\">\n\t\t\t\t\t<div class=\"elementor-text-editor elementor-clearfix\"><div class=\"\" data-block=\"true\" data-editor=\"48ps5\" data-offset-key=\"cr00o-0-0\"><div class=\"_1mf _1mj\" data-offset-key=\"cr00o-0-0\"><span data-offset-key=\"cr00o-0-0\">Na Rotulagem trabalhamos com impressos adesivos personalizados de acordo com o seu design e especifica\u00e7\u00f5es t\u00e9cnicas. <\/span><span style=\"font-size: 16px;\">Al\u00e9m de diversos materiais para suprir toda demanda como:<\/span><\/div><div data-offset-key=\"cr00o-0-0\">\u00a0<\/div><div class=\"_1mf _1mj\" data-offset-key=\"cr00o-0-0\"><span style=\"font-size: 16px;\" data-offset-key=\"5n4it-0-0\">\u2022 Papeis (couch\u00e9, r<\/span><span style=\"font-size: 16px;\">emov\u00edvel, f<\/span><span style=\"font-size: 16px;\">osco, t\u00e9<\/span><span style=\"font-size: 16px;\">rmico);<\/span><\/div><\/div><div class=\"\" data-block=\"true\" data-editor=\"48ps5\" data-offset-key=\"95dvs-0-0\"><div class=\"_1mf _1mj\" data-offset-key=\"95dvs-0-0\"><span data-offset-key=\"95dvs-0-0\">\u2022 Bopp&#8217;s: ( p\u00e9rola, matte, metalizado e<\/span><span style=\"font-size: 16px;\"> transparente);<\/span><\/div><\/div><div class=\"\" data-block=\"true\" data-editor=\"48ps5\" data-offset-key=\"6om2k-0-0\"><div class=\"_1mf _1mj\" data-offset-key=\"6om2k-0-0\"><span data-offset-key=\"6om2k-0-0\">\u2022 Void;<\/span><\/div><\/div><div class=\"\" data-block=\"true\" data-editor=\"48ps5\" data-offset-key=\"1f831-0-0\"><div class=\"_1mf _1mj\" data-offset-key=\"1f831-0-0\"><span data-offset-key=\"1f831-0-0\">\u2022 Laminado;<\/span><\/div><\/div><div class=\"\" data-block=\"true\" data-editor=\"48ps5\" data-offset-key=\"40kpm-0-0\"><div class=\"_1mf _1mj\" data-offset-key=\"40kpm-0-0\"><span data-offset-key=\"40kpm-0-0\">\u2022 Polietileno;<\/span><\/div><div data-offset-key=\"40kpm-0-0\">\u2022 Acabamentos ( hologr\u00e1ficos, cold stamping ,lamina\u00e7\u00e3o e verniz).<\/div><\/div><\/div>\n\t\t\t\t<\/div>\n\t\t\t\t<\/div>\n\t\t\t\t<div class=\"elementor-element elementor-element-8b2d107 elementor-align-left elementor-widget elementor-widget-button\" data-id=\"8b2d107\" data-element_type=\"widget\" data-widget_type=\"button.default\">\n\t\t\t\t<div class=\"elementor-widget-container\">\n\t\t\t\t\t<div class=\"elementor-button-wrapper\">\n\t\t\t<a href=\"?page_id=1020\" class=\"elementor-button-link elementor-button elementor-size-sm\" role=\"button\">\n\t\t\t\t\t\t<span class=\"elementor-button-content-wrapper\">\n\t\t\t\t\t\t<span class=\"elementor-button-text\">SOLICITAR  OR\u00c7AMENTO<\/span>\n\t\t<\/span>\n\t\t\t\t\t<\/a>\n\t\t<\/div>\n\t\t\t\t<\/div>\n\t\t\t\t<\/div>\n\t\t\t\t\t\t<\/div>\n\t\t\t\t\t<\/div>\n\t\t<\/div>\n\t\t\t\t\t\t\t\t<\/div>\n\t\t\t\t\t<\/div>\n\t\t<\/section>\n\t\t\t\t<section class=\"elementor-section elementor-inner-section elementor-element elementor-element-2658d7e elementor-section-boxed elementor-section-height-default elementor-section-height-default\" data-id=\"2658d7e\" data-element_type=\"section\">\n\t\t\t\t\t\t<div class=\"elementor-container elementor-column-gap-default\">\n\t\t\t\t\t\t\t<div class=\"elementor-row\">\n\t\t\t\t\t<div class=\"elementor-column elementor-col-50 elementor-inner-column elementor-element elementor-element-5fee824\" data-id=\"5fee824\" data-element_type=\"column\">\n\t\t\t<div class=\"elementor-column-wrap elementor-element-populated\">\n\t\t\t\t\t\t\t<div class=\"elementor-widget-wrap\">\n\t\t\t\t\t\t<div class=\"elementor-element elementor-element-0f4a64e elementor-widget elementor-widget-image\" data-id=\"0f4a64e\" data-element_type=\"widget\" data-widget_type=\"image.default\">\n\t\t\t\t<div class=\"elementor-widget-container\">\n\t\t\t\t\t<div class=\"elementor-image\">\n\t\t\t\t\t\t\t\t\t\t<img width=\"450\" height=\"450\" src=\"https:\/\/rotulagem.com\/wp-content\/uploads\/2020\/08\/ETIQUETAS-ADESIVAS-ROTULAGEM2.jpg\" class=\"attachment-full size-full\" alt=\"\" loading=\"lazy\" srcset=\"https:\/\/rotulagem.com\/wp-content\/uploads\/2020\/08\/ETIQUETAS-ADESIVAS-ROTULAGEM2.jpg 450w, https:\/\/rotulagem.com\/wp-content\/uploads\/2020\/08\/ETIQUETAS-ADESIVAS-ROTULAGEM2-300x300.jpg 300w, https:\/\/rotulagem.com\/wp-content\/uploads\/2020\/08\/ETIQUETAS-ADESIVAS-ROTULAGEM2-150x150.jpg 150w\" sizes=\"(max-width: 450px) 100vw, 450px\" \/>\t\t\t\t\t\t\t\t\t\t\t<\/div>\n\t\t\t\t<\/div>\n\t\t\t\t<\/div>\n\t\t\t\t\t\t<\/div>\n\t\t\t\t\t<\/div>\n\t\t<\/div>\n\t\t\t\t<div class=\"elementor-column elementor-col-50 elementor-inner-column elementor-element elementor-element-e1cd496\" data-id=\"e1cd496\" data-element_type=\"column\">\n\t\t\t<div class=\"elementor-column-wrap elementor-element-populated\">\n\t\t\t\t\t\t\t<div class=\"elementor-widget-wrap\">\n\t\t\t\t\t\t<div class=\"elementor-element elementor-element-946284f htmega-title-align-left elementor-widget elementor-widget-section-title-addons\" data-id=\"946284f\" data-element_type=\"widget\" data-widget_type=\"section-title-addons.default\">\n\t\t\t\t<div class=\"elementor-widget-container\">\n\t\t\t            <div class=\"htmega-section-title htmega-subtitle-position- title-style-one\">\r\n                <h2 class=\"section-title-txt\">ETIQUETAS PERSONALIZADAS E  NEUTRAS EM BOBINAS<\/h2>            <\/div>\r\n\r\n        \t\t<\/div>\n\t\t\t\t<\/div>\n\t\t\t\t<div class=\"elementor-element elementor-element-fba8671 elementor-invisible elementor-widget elementor-widget-text-editor\" data-id=\"fba8671\" data-element_type=\"widget\" data-settings=\"{&quot;_animation&quot;:&quot;fadeInUp&quot;}\" data-widget_type=\"text-editor.default\">\n\t\t\t\t<div class=\"elementor-widget-container\">\n\t\t\t\t\t<div class=\"elementor-text-editor elementor-clearfix\"><p><strong>\u2022ETIQUETAS INFORMATIVAS: <\/strong>Trazem informa\u00e7\u00f5es imprescind\u00edveis, alertas e informa\u00e7\u00f5es de destaque para rem\u00e9dios e produtos.<\/p><p><strong>\u2022ETIQUETAS NEUTRAS: <\/strong>Impressas em diferentes papeis, filmes e formatos para uso em impressoras t\u00e9rmicas.<\/p><\/div>\n\t\t\t\t<\/div>\n\t\t\t\t<\/div>\n\t\t\t\t<div class=\"elementor-element elementor-element-73deda3 elementor-align-left elementor-widget elementor-widget-button\" data-id=\"73deda3\" data-element_type=\"widget\" data-widget_type=\"button.default\">\n\t\t\t\t<div class=\"elementor-widget-container\">\n\t\t\t\t\t<div class=\"elementor-button-wrapper\">\n\t\t\t<a href=\"?page_id=1020\" class=\"elementor-button-link elementor-button elementor-size-sm\" role=\"button\">\n\t\t\t\t\t\t<span class=\"elementor-button-content-wrapper\">\n\t\t\t\t\t\t<span class=\"elementor-button-text\">SOLICITAR  OR\u00c7AMENTO<\/span>\n\t\t<\/span>\n\t\t\t\t\t<\/a>\n\t\t<\/div>\n\t\t\t\t<\/div>\n\t\t\t\t<\/div>\n\t\t\t\t\t\t<\/div>\n\t\t\t\t\t<\/div>\n\t\t<\/div>\n\t\t\t\t\t\t\t\t<\/div>\n\t\t\t\t\t<\/div>\n\t\t<\/section>\n\t\t\t\t<section class=\"elementor-section elementor-inner-section elementor-element elementor-element-1aeb411 elementor-section-boxed elementor-section-height-default elementor-section-height-default\" data-id=\"1aeb411\" data-element_type=\"section\">\n\t\t\t\t\t\t<div class=\"elementor-container elementor-column-gap-default\">\n\t\t\t\t\t\t\t<div class=\"elementor-row\">\n\t\t\t\t\t<div class=\"elementor-column elementor-col-50 elementor-inner-column elementor-element elementor-element-8be7a2e\" data-id=\"8be7a2e\" data-element_type=\"column\">\n\t\t\t<div class=\"elementor-column-wrap elementor-element-populated\">\n\t\t\t\t\t\t\t<div class=\"elementor-widget-wrap\">\n\t\t\t\t\t\t<div class=\"elementor-element elementor-element-b7d8064 elementor-widget elementor-widget-image\" data-id=\"b7d8064\" data-element_type=\"widget\" data-widget_type=\"image.default\">\n\t\t\t\t<div class=\"elementor-widget-container\">\n\t\t\t\t\t<div class=\"elementor-image\">\n\t\t\t\t\t\t\t\t\t\t<img width=\"450\" height=\"450\" src=\"https:\/\/rotulagem.com\/wp-content\/uploads\/2020\/08\/2RIBBONS-ROTULAGEM.jpg\" class=\"attachment-full size-full\" alt=\"\" loading=\"lazy\" srcset=\"https:\/\/rotulagem.com\/wp-content\/uploads\/2020\/08\/2RIBBONS-ROTULAGEM.jpg 450w, https:\/\/rotulagem.com\/wp-content\/uploads\/2020\/08\/2RIBBONS-ROTULAGEM-300x300.jpg 300w, https:\/\/rotulagem.com\/wp-content\/uploads\/2020\/08\/2RIBBONS-ROTULAGEM-150x150.jpg 150w\" sizes=\"(max-width: 450px) 100vw, 450px\" \/>\t\t\t\t\t\t\t\t\t\t\t<\/div>\n\t\t\t\t<\/div>\n\t\t\t\t<\/div>\n\t\t\t\t\t\t<\/div>\n\t\t\t\t\t<\/div>\n\t\t<\/div>\n\t\t\t\t<div class=\"elementor-column elementor-col-50 elementor-inner-column elementor-element elementor-element-002b527\" data-id=\"002b527\" data-element_type=\"column\">\n\t\t\t<div class=\"elementor-column-wrap elementor-element-populated\">\n\t\t\t\t\t\t\t<div class=\"elementor-widget-wrap\">\n\t\t\t\t\t\t<div class=\"elementor-element elementor-element-0fcdd37 htmega-title-align-left elementor-widget elementor-widget-section-title-addons\" data-id=\"0fcdd37\" data-element_type=\"widget\" data-widget_type=\"section-title-addons.default\">\n\t\t\t\t<div class=\"elementor-widget-container\">\n\t\t\t            <div class=\"htmega-section-title htmega-subtitle-position- title-style-one\">\r\n                <h2 class=\"section-title-txt\">RIBBONS<\/h2>            <\/div>\r\n\r\n        \t\t<\/div>\n\t\t\t\t<\/div>\n\t\t\t\t<div class=\"elementor-element elementor-element-729136f elementor-invisible elementor-widget elementor-widget-text-editor\" data-id=\"729136f\" data-element_type=\"widget\" data-settings=\"{&quot;_animation&quot;:&quot;fadeInUp&quot;}\" data-widget_type=\"text-editor.default\">\n\t\t\t\t<div class=\"elementor-widget-container\">\n\t\t\t\t\t<div class=\"elementor-text-editor elementor-clearfix\"><p>O Ribbon conhecido tamb\u00e9m como fita de transfer\u00eancia t\u00e9rmica \u00e9 o suprimento de impress\u00e3o utilizado nas impressoras t\u00e9rmicas.\u00a0<\/p><p>Trabalhamos com toda linha para impress\u00e3o t\u00e9rmica, em cera, resina e misto em diversos tamanhos.<\/p><\/div>\n\t\t\t\t<\/div>\n\t\t\t\t<\/div>\n\t\t\t\t<div class=\"elementor-element elementor-element-da831f4 elementor-align-left elementor-widget elementor-widget-button\" data-id=\"da831f4\" data-element_type=\"widget\" data-widget_type=\"button.default\">\n\t\t\t\t<div class=\"elementor-widget-container\">\n\t\t\t\t\t<div class=\"elementor-button-wrapper\">\n\t\t\t<a href=\"?page_id=1020\" class=\"elementor-button-link elementor-button elementor-size-sm\" role=\"button\">\n\t\t\t\t\t\t<span class=\"elementor-button-content-wrapper\">\n\t\t\t\t\t\t<span class=\"elementor-button-text\">SOLICITAR  OR\u00c7AMENTO<\/span>\n\t\t<\/span>\n\t\t\t\t\t<\/a>\n\t\t<\/div>\n\t\t\t\t<\/div>\n\t\t\t\t<\/div>\n\t\t\t\t\t\t<\/div>\n\t\t\t\t\t<\/div>\n\t\t<\/div>\n\t\t\t\t\t\t\t\t<\/div>\n\t\t\t\t\t<\/div>\n\t\t<\/section>\n\t\t\t\t\t\t<\/div>\n\t\t\t\t\t<\/div>\n\t\t<\/div>\n\t\t\t\t\t\t\t\t<\/div>\n\t\t\t\t\t<\/div>\n\t\t<\/section>\n\t\t\t\t\t\t<\/div>\n\t\t\t\t\t\t<\/div>\n\t\t\t\t\t<\/div>\n\t\t","protected":false},"excerpt":{"rendered":"<p>R\u00d3TULOS ADESIVOS Na Rotulagem trabalhamos com impressos adesivos personalizados de acordo com o seu design e especifica\u00e7\u00f5es t\u00e9cnicas. Al\u00e9m de diversos materiais para suprir toda demanda como:\u00a0\u2022 Papeis (couch\u00e9, remov\u00edvel, fosco, t\u00e9rmico);\u2022 Bopp&#8217;s: ( p\u00e9rola, matte, metalizado e transparente);\u2022 Void;\u2022 Laminado;\u2022 Polietileno;\u2022 Acabamentos ( hologr\u00e1ficos, cold stamping ,lamina\u00e7\u00e3o e verniz). SOLICITAR OR\u00c7AMENTO ETIQUETAS PERSONALIZADAS E &hellip;<\/p>\n<p class=\"read-more\"> <a class=\"\" href=\"https:\/\/rotulagem.com\/?page_id=202\"> <span class=\"screen-reader-text\">Servi\u00e7os<\/span> Leia mais &raquo;<\/a><\/p>\n","protected":false},"author":1,"featured_media":0,"parent":0,"menu_order":0,"comment_status":"closed","ping_status":"closed","template":"elementor_canvas","meta":[],"_links":{"self":[{"href":"https:\/\/rotulagem.com\/index.php?rest_route=\/wp\/v2\/pages\/202"}],"collection":[{"href":"https:\/\/rotulagem.com\/index.php?rest_route=\/wp\/v2\/pages"}],"about":[{"href":"https:\/\/rotulagem.com\/index.php?rest_route=\/wp\/v2\/types\/page"}],"author":[{"embeddable":true,"href":"https:\/\/rotulagem.com\/index.php?rest_route=\/wp\/v2\/users\/1"}],"replies":[{"embeddable":true,"href":"https:\/\/rotulagem.com\/index.php?rest_route=%2Fwp%2Fv2%2Fcomments&post=202"}],"version-history":[{"count":124,"href":"https:\/\/rotulagem.com\/index.php?rest_route=\/wp\/v2\/pages\/202\/revisions"}],"predecessor-version":[{"id":2382,"href":"https:\/\/rotulagem.com\/index.php?rest_route=\/wp\/v2\/pages\/202\/revisions\/2382"}],"wp:attachment":[{"href":"https:\/\/rotulagem.com\/index.php?rest_route=%2Fwp%2Fv2%2Fmedia&parent=202"}],"curies":[{"name":"wp","href":"https:\/\/api.w.org\/{rel}","templated":true}]}}